{"id":57,"date":"2016-03-12T23:51:47","date_gmt":"2016-03-12T22:51:47","guid":{"rendered":"http:\/\/www.puh-aga.pl\/cms\/?page_id=57"},"modified":"2022-03-05T21:28:09","modified_gmt":"2022-03-05T20:28:09","slug":"kontakt","status":"publish","type":"page","link":"https:\/\/www.puh-aga.pl\/cms\/index.php\/kontakt\/","title":{"rendered":"Kontakt"},"content":{"rendered":"<p><strong>Przedsi\u0119biorstwo Us\u0142ugowo-Handlowe &#8222;AGA&#8221;<\/strong><\/p>\n<p>Przedsi\u0119biorstwo Us\u0142ugowo-Handlowe &#8222;AGA&#8221; istnieje od 1996 roku i&nbsp;zajmuje si\u0119 kompleksowym zaopatrzeniem: <a href=\"http:\/\/www.firmy.net\/piekarnie-i-cukiernie\/aga,WN3VC.html\" target=\"_blank\" rel=\"noopener noreferrer\">cukierni , piekarni<\/a> , lodziarni , gastronomii , masarni jak r\u00f3wnie\u017c pralni. Posiadamy pe\u0142ny asortyment do tych bran\u017c.<\/p>\n<p>Znajdziesz nas tu:<\/p>\n<p><a href=\"https:\/\/www.google.pl\/maps\/place\/Aga.+Gierach+S%C5%82awomir\/@51.7111922,19.7869722,15z\/data=!4m5!3m4!1s0x471bd4ce8559a789:0x618197022671499b!8m2!3d51.7118721!4d19.7992945?hl=pl\"><img loading=\"lazy\" decoding=\"async\" class=\"alignright wp-image-59 size-full\" src=\"http:\/\/www.puh-aga.pl\/cms\/wp-content\/uploads\/2016\/03\/Google-Maps-icon.png\" alt=\"Google-Maps-icon\" width=\"256\" height=\"256\" srcset=\"https:\/\/www.puh-aga.pl\/cms\/wp-content\/uploads\/2016\/03\/Google-Maps-icon.png 256w, https:\/\/www.puh-aga.pl\/cms\/wp-content\/uploads\/2016\/03\/Google-Maps-icon-150x150.png 150w\" sizes=\"auto, (max-width: 256px) 100vw, 256px\" \/><\/a><\/p>\n<div id='gallery-1' class='gallery galleryid-57 gallery-columns-3 gallery-size-full'><dl class='gallery-item'>\n\t\t\t<dt class='gallery-icon portrait'>\n\t\t\t\t<a href='https:\/\/www.puh-aga.pl\/cms\/wp-content\/uploads\/2016\/03\/dojazd.gif'><img loading=\"lazy\" decoding=\"async\" width=\"599\" height=\"715\" src=\"https:\/\/www.puh-aga.pl\/cms\/wp-content\/uploads\/2016\/03\/dojazd.gif\" class=\"attachment-full size-full\" alt=\"\" aria-describedby=\"gallery-1-138\" \/><\/a>\n\t\t\t<\/dt>\n\t\t\t\t<dd class='wp-caption-text gallery-caption' id='gallery-1-138'>\n\t\t\t\tMapa dojazdu\n\t\t\t\t<\/dd><\/dl>\n\t\t\t<br style='clear: both' \/>\n\t\t<\/div>\n\n<div><strong>P.U.H. &#8222;AGA&#8221; Gierach S\u0142awomir<\/strong><\/div>\n<div><strong>B\u0119dzelin, ul.Szkolna 12a<\/strong><\/div>\n<div><strong>95-040 Koluszki<\/strong><\/div>\n<p>email: puhaga.biuro@gmail.com<\/p>\n<div>\n<p>tel : (044) 714-83-65<\/p>\n<p>gsm: 663 900 607<\/p>\n<\/div>\n<div>\n<p>fax : (044) 714-83-66<\/p>\n<\/div>\n<div><\/div>\n","protected":false},"excerpt":{"rendered":"<p>Przedsi\u0119biorstwo Us\u0142ugowo-Handlowe &#8222;AGA&#8221; Przedsi\u0119biorstwo Us\u0142ugowo-Handlowe &#8222;AGA&#8221; istnieje od 1996 roku i&nbsp;zajmuje si\u0119 kompleksowym zaopatrzeniem: cukierni , piekarni , lodziarni , gastronomii , masarni jak r\u00f3wnie\u017c pralni. Posiadamy pe\u0142ny asortyment do tych bran\u017c. Znajdziesz nas tu: P.U.H. &#8222;AGA&#8221; Gierach S\u0142awomir B\u0119dzelin, ul.Szkolna 12a 95-040 Koluszki email: puhaga.biuro@gmail.com tel : (044) 714-83-65 gsm: 663 900 607 fax&hellip;<\/p>\n","protected":false},"author":1,"featured_media":0,"parent":0,"menu_order":0,"comment_status":"closed","ping_status":"closed","template":"","meta":{"footnotes":""},"class_list":["post-57","page","type-page","status-publish","hentry"],"_links":{"self":[{"href":"https:\/\/www.puh-aga.pl\/cms\/index.php\/wp-json\/wp\/v2\/pages\/57","targetHints":{"allow":["GET"]}}],"collection":[{"href":"https:\/\/www.puh-aga.pl\/cms\/index.php\/wp-json\/wp\/v2\/pages"}],"about":[{"href":"https:\/\/www.puh-aga.pl\/cms\/index.php\/wp-json\/wp\/v2\/types\/page"}],"author":[{"embeddable":true,"href":"https:\/\/www.puh-aga.pl\/cms\/index.php\/wp-json\/wp\/v2\/users\/1"}],"replies":[{"embeddable":true,"href":"https:\/\/www.puh-aga.pl\/cms\/index.php\/wp-json\/wp\/v2\/comments?post=57"}],"version-history":[{"count":21,"href":"https:\/\/www.puh-aga.pl\/cms\/index.php\/wp-json\/wp\/v2\/pages\/57\/revisions"}],"predecessor-version":[{"id":1451,"href":"https:\/\/www.puh-aga.pl\/cms\/index.php\/wp-json\/wp\/v2\/pages\/57\/revisions\/1451"}],"wp:attachment":[{"href":"https:\/\/www.puh-aga.pl\/cms\/index.php\/wp-json\/wp\/v2\/media?parent=57"}],"curies":[{"name":"wp","href":"https:\/\/api.w.org\/{rel}","templated":true}]}}