{"id":137,"date":"2016-03-07T10:39:57","date_gmt":"2016-03-07T09:39:57","guid":{"rendered":"http:\/\/www.puh-aga.pl\/cms\/?page_id=137"},"modified":"2024-04-27T01:25:49","modified_gmt":"2024-04-26T23:25:49","slug":"start","status":"publish","type":"page","link":"https:\/\/www.puh-aga.pl\/cms\/","title":{"rendered":"AGA"},"content":{"rendered":"<p>&nbsp;<\/p>\n<h2>PUH &#8222;AGA&#8221; S\u0142awomir Gierach<\/h2>\n<div class=\"service_box float_l\">\n<div class=\"service_image\"><img decoding=\"async\" src=\"http:\/\/www.puh-aga.pl\/images\/icon_01.png\" alt=\"image 1\" \/><\/div>\n<div class=\"service_text\">\n<h5>Misja Firmy<\/h5>\n<p style=\"text-align: justify;\">Zapewniamy mi\u0142\u0105 i fachow\u0105 obs\u0142ug\u0119(technolog do dyspozycji) oraz tak\u017ce dow\u00f3z do klienta i\u00a0roz\u0142adunek gratis. W odr\u00f3\u017cnieniu od innych firm mo\u017cemy wydawa\u0107 jak r\u00f3wnie\u017c przyjmowa\u0107 towar w r\u00f3\u017cnych godzinach, poniewa\u017c przedsi\u0119biorstwo znajduje si\u0119 przy budynku mieszkalnym.<\/p>\n<\/div>\n<\/div>\n<div class=\"service_box float_r\">\n<div class=\"service_image\"><img decoding=\"async\" src=\"http:\/\/www.puh-aga.pl\/images\/icon_02.png\" alt=\"image 2\" \/><\/div>\n<div class=\"service_text\">\n<h5>Asortyment<\/h5>\n<p style=\"text-align: justify;\">Dla realizacji naszej misji stale powi\u0119kszamy ofert\u0119 produkt\u00f3w i us\u0142ug dostosowuj\u0105c j\u0105 do nowych wymaga\u0144 rynku, a nasi sprzedawcy s\u0105 gotowi rozwi\u0105za\u0107 wszelkie problemy i pom\u00f3c naszym Klientom w realizacji ich indywidualnych potrzeb. Dla sta\u0142ych Klient\u00f3w zapewniamy elastyczno\u015b\u0107 w\u00a0p\u0142atno\u015bciach.<\/p>\n<div style=\"padding-left: 30px;\"><span style=\"text-decoration: underline; color: #00ff00;\"><em><a href=\"http:\/\/www.puh-aga.pl\/cms\/wp-content\/uploads\/2016\/03\/oferta.xls\" target=\"_blank\" rel=\"noopener\">oferta<\/a><\/em><\/span><\/div>\n<\/div>\n<\/div>\n<div class=\"cleaner_h40\"><\/div>\n<h4>Naszym has\u0142em przewodnim jest : 'Z nami wszystko Ci si\u0119 upiecze !&#8217;<\/h4>\n<p>&nbsp;<\/p>\n<p>&nbsp;<\/p>\n<p>&nbsp;<\/p>\n<p><a href=\"https:\/\/www.facebook.com\/PUH-AGA-839398656132841\/?ref=bookmarks\"><img loading=\"lazy\" decoding=\"async\" class=\"alignnone  wp-image-1405\" src=\"http:\/\/www.puh-aga.pl\/cms\/wp-content\/uploads\/2018\/07\/ikona-fb.jpg\" alt=\"\" width=\"49\" height=\"49\" srcset=\"https:\/\/www.puh-aga.pl\/cms\/wp-content\/uploads\/2018\/07\/ikona-fb.jpg 225w, https:\/\/www.puh-aga.pl\/cms\/wp-content\/uploads\/2018\/07\/ikona-fb-150x150.jpg 150w\" sizes=\"auto, (max-width: 49px) 100vw, 49px\" \/><\/a><\/p>\n","protected":false},"excerpt":{"rendered":"<p>&nbsp; PUH &#8222;AGA&#8221; S\u0142awomir Gierach Misja Firmy Zapewniamy mi\u0142\u0105 i fachow\u0105 obs\u0142ug\u0119(technolog do dyspozycji) oraz tak\u017ce dow\u00f3z do klienta i\u00a0roz\u0142adunek gratis. W odr\u00f3\u017cnieniu od innych firm mo\u017cemy wydawa\u0107 jak r\u00f3wnie\u017c przyjmowa\u0107 towar w r\u00f3\u017cnych godzinach, poniewa\u017c przedsi\u0119biorstwo znajduje si\u0119 przy budynku mieszkalnym. Asortyment Dla realizacji naszej misji stale powi\u0119kszamy ofert\u0119 produkt\u00f3w i us\u0142ug dostosowuj\u0105c j\u0105&hellip;<\/p>\n","protected":false},"author":1,"featured_media":1254,"parent":0,"menu_order":0,"comment_status":"closed","ping_status":"closed","template":"","meta":{"footnotes":""},"class_list":["post-137","page","type-page","status-publish","has-post-thumbnail","hentry"],"_links":{"self":[{"href":"https:\/\/www.puh-aga.pl\/cms\/index.php\/wp-json\/wp\/v2\/pages\/137","targetHints":{"allow":["GET"]}}],"collection":[{"href":"https:\/\/www.puh-aga.pl\/cms\/index.php\/wp-json\/wp\/v2\/pages"}],"about":[{"href":"https:\/\/www.puh-aga.pl\/cms\/index.php\/wp-json\/wp\/v2\/types\/page"}],"author":[{"embeddable":true,"href":"https:\/\/www.puh-aga.pl\/cms\/index.php\/wp-json\/wp\/v2\/users\/1"}],"replies":[{"embeddable":true,"href":"https:\/\/www.puh-aga.pl\/cms\/index.php\/wp-json\/wp\/v2\/comments?post=137"}],"version-history":[{"count":11,"href":"https:\/\/www.puh-aga.pl\/cms\/index.php\/wp-json\/wp\/v2\/pages\/137\/revisions"}],"predecessor-version":[{"id":1459,"href":"https:\/\/www.puh-aga.pl\/cms\/index.php\/wp-json\/wp\/v2\/pages\/137\/revisions\/1459"}],"wp:featuredmedia":[{"embeddable":true,"href":"https:\/\/www.puh-aga.pl\/cms\/index.php\/wp-json\/wp\/v2\/media\/1254"}],"wp:attachment":[{"href":"https:\/\/www.puh-aga.pl\/cms\/index.php\/wp-json\/wp\/v2\/media?parent=137"}],"curies":[{"name":"wp","href":"https:\/\/api.w.org\/{rel}","templated":true}]}}