{"id":1116,"date":"2016-11-29T22:57:27","date_gmt":"2016-11-29T21:57:27","guid":{"rendered":"http:\/\/www.puh-aga.pl\/cms\/?page_id=1116"},"modified":"2016-11-29T22:57:27","modified_gmt":"2016-11-29T21:57:27","slug":"walentynki","status":"publish","type":"page","link":"https:\/\/www.puh-aga.pl\/cms\/index.php\/galeria\/walentynki\/","title":{"rendered":"Walentynki"},"content":{"rendered":"<div id='gallery-1' class='gallery galleryid-1116 gallery-columns-4 gallery-size-large'><dl class='gallery-item'>\n\t\t\t<dt class='gallery-icon landscape'>\n\t\t\t\t<a href='https:\/\/www.puh-aga.pl\/cms\/wp-content\/uploads\/2016\/03\/8905-1.jpg'><img loading=\"lazy\" decoding=\"async\" width=\"888\" height=\"343\" src=\"https:\/\/www.puh-aga.pl\/cms\/wp-content\/uploads\/2016\/03\/8905-1.jpg\" class=\"attachment-large size-large\" alt=\"\" aria-describedby=\"gallery-1-645\" srcset=\"https:\/\/www.puh-aga.pl\/cms\/wp-content\/uploads\/2016\/03\/8905-1.jpg 888w, https:\/\/www.puh-aga.pl\/cms\/wp-content\/uploads\/2016\/03\/8905-1-300x116.jpg 300w, https:\/\/www.puh-aga.pl\/cms\/wp-content\/uploads\/2016\/03\/8905-1-768x297.jpg 768w\" sizes=\"auto, (max-width: 888px) 100vw, 888px\" \/><\/a>\n\t\t\t<\/dt>\n\t\t\t\t<dd class='wp-caption-text gallery-caption' id='gallery-1-645'>\n\t\t\t\t8905 Kokardki z czekolady plastycznej (w op. 20 szt.)\n\t\t\t\t<\/dd><\/dl><dl class='gallery-item'>\n\t\t\t<dt class='gallery-icon landscape'>\n\t\t\t\t<a href='https:\/\/www.puh-aga.pl\/cms\/wp-content\/uploads\/2016\/03\/DSC_0252-1.jpg'><img loading=\"lazy\" decoding=\"async\" width=\"900\" height=\"600\" src=\"https:\/\/www.puh-aga.pl\/cms\/wp-content\/uploads\/2016\/03\/DSC_0252-1-1024x683.jpg\" class=\"attachment-large size-large\" alt=\"\" aria-describedby=\"gallery-1-646\" srcset=\"https:\/\/www.puh-aga.pl\/cms\/wp-content\/uploads\/2016\/03\/DSC_0252-1-1024x683.jpg 1024w, https:\/\/www.puh-aga.pl\/cms\/wp-content\/uploads\/2016\/03\/DSC_0252-1-300x200.jpg 300w, https:\/\/www.puh-aga.pl\/cms\/wp-content\/uploads\/2016\/03\/DSC_0252-1-768x512.jpg 768w\" sizes=\"auto, (max-width: 900px) 100vw, 900px\" \/><\/a>\n\t\t\t<\/dt>\n\t\t\t\t<dd class='wp-caption-text gallery-caption' id='gallery-1-646'>\n\t\t\t\t0904002 Serduczka p\u0142askie czerwone MIX rozmiar\u00f3w (w op. 200 szt)\n\t\t\t\t<\/dd><\/dl><dl class='gallery-item'>\n\t\t\t<dt class='gallery-icon landscape'>\n\t\t\t\t<a href='https:\/\/www.puh-aga.pl\/cms\/wp-content\/uploads\/2016\/03\/DSC_0253.jpg'><img loading=\"lazy\" decoding=\"async\" width=\"900\" height=\"642\" src=\"https:\/\/www.puh-aga.pl\/cms\/wp-content\/uploads\/2016\/03\/DSC_0253-1024x730.jpg\" class=\"attachment-large size-large\" alt=\"\" aria-describedby=\"gallery-1-647\" srcset=\"https:\/\/www.puh-aga.pl\/cms\/wp-content\/uploads\/2016\/03\/DSC_0253-1024x730.jpg 1024w, https:\/\/www.puh-aga.pl\/cms\/wp-content\/uploads\/2016\/03\/DSC_0253-300x214.jpg 300w, https:\/\/www.puh-aga.pl\/cms\/wp-content\/uploads\/2016\/03\/DSC_0253-768x548.jpg 768w\" sizes=\"auto, (max-width: 900px) 100vw, 900px\" \/><\/a>\n\t\t\t<\/dt>\n\t\t\t\t<dd class='wp-caption-text gallery-caption' id='gallery-1-647'>\n\t\t\t\t09042 Serduszka ma\u0142e wypuk\u0142e czerwone 2 cm (w op. 100 szt)\n\t\t\t\t<\/dd><\/dl><dl class='gallery-item'>\n\t\t\t<dt class='gallery-icon landscape'>\n\t\t\t\t<a href='https:\/\/www.puh-aga.pl\/cms\/wp-content\/uploads\/2016\/03\/DSC_0254.jpg'><img loading=\"lazy\" decoding=\"async\" width=\"900\" height=\"662\" src=\"https:\/\/www.puh-aga.pl\/cms\/wp-content\/uploads\/2016\/03\/DSC_0254-1024x753.jpg\" class=\"attachment-large size-large\" alt=\"\" aria-describedby=\"gallery-1-648\" srcset=\"https:\/\/www.puh-aga.pl\/cms\/wp-content\/uploads\/2016\/03\/DSC_0254-1024x753.jpg 1024w, https:\/\/www.puh-aga.pl\/cms\/wp-content\/uploads\/2016\/03\/DSC_0254-300x221.jpg 300w, https:\/\/www.puh-aga.pl\/cms\/wp-content\/uploads\/2016\/03\/DSC_0254-768x565.jpg 768w\" sizes=\"auto, (max-width: 900px) 100vw, 900px\" \/><\/a>\n\t\t\t<\/dt>\n\t\t\t\t<dd class='wp-caption-text gallery-caption' id='gallery-1-648'>\n\t\t\t\t0903099 Serduszka p\u0142askie MIX kolor\u00f3w 2 cm (w op. 150 szt)\n\t\t\t\t<\/dd><\/dl><br style=\"clear: both\" \/><dl class='gallery-item'>\n\t\t\t<dt class='gallery-icon landscape'>\n\t\t\t\t<a href='https:\/\/www.puh-aga.pl\/cms\/wp-content\/uploads\/2016\/03\/DSC_0255.jpg'><img loading=\"lazy\" decoding=\"async\" width=\"900\" height=\"600\" src=\"https:\/\/www.puh-aga.pl\/cms\/wp-content\/uploads\/2016\/03\/DSC_0255-1024x683.jpg\" class=\"attachment-large size-large\" alt=\"\" aria-describedby=\"gallery-1-649\" srcset=\"https:\/\/www.puh-aga.pl\/cms\/wp-content\/uploads\/2016\/03\/DSC_0255-1024x683.jpg 1024w, https:\/\/www.puh-aga.pl\/cms\/wp-content\/uploads\/2016\/03\/DSC_0255-300x200.jpg 300w, https:\/\/www.puh-aga.pl\/cms\/wp-content\/uploads\/2016\/03\/DSC_0255-768x512.jpg 768w\" sizes=\"auto, (max-width: 900px) 100vw, 900px\" \/><\/a>\n\t\t\t<\/dt>\n\t\t\t\t<dd class='wp-caption-text gallery-caption' id='gallery-1-649'>\n\t\t\t\t0903099 Serduszka p\u0142askie MIX kolor\u00f3w 2 cm (w op. 150 szt)\n\t\t\t\t<\/dd><\/dl><dl class='gallery-item'>\n\t\t\t<dt class='gallery-icon landscape'>\n\t\t\t\t<a href='https:\/\/www.puh-aga.pl\/cms\/wp-content\/uploads\/2016\/03\/DSC_0319.jpg'><img loading=\"lazy\" decoding=\"async\" width=\"900\" height=\"670\" src=\"https:\/\/www.puh-aga.pl\/cms\/wp-content\/uploads\/2016\/03\/DSC_0319-1024x762.jpg\" class=\"attachment-large size-large\" alt=\"\" aria-describedby=\"gallery-1-652\" srcset=\"https:\/\/www.puh-aga.pl\/cms\/wp-content\/uploads\/2016\/03\/DSC_0319-1024x762.jpg 1024w, https:\/\/www.puh-aga.pl\/cms\/wp-content\/uploads\/2016\/03\/DSC_0319-300x223.jpg 300w, https:\/\/www.puh-aga.pl\/cms\/wp-content\/uploads\/2016\/03\/DSC_0319-768x571.jpg 768w\" sizes=\"auto, (max-width: 900px) 100vw, 900px\" \/><\/a>\n\t\t\t<\/dt>\n\t\t\t\t<dd class='wp-caption-text gallery-caption' id='gallery-1-652'>\n\t\t\t\t3703 Dwa serca per\u0142owe (op. 30 szt.)\n\t\t\t\t<\/dd><\/dl><dl class='gallery-item'>\n\t\t\t<dt class='gallery-icon landscape'>\n\t\t\t\t<a href='https:\/\/www.puh-aga.pl\/cms\/wp-content\/uploads\/2016\/03\/DSC_0321-2.jpg'><img loading=\"lazy\" decoding=\"async\" width=\"900\" height=\"543\" src=\"https:\/\/www.puh-aga.pl\/cms\/wp-content\/uploads\/2016\/03\/DSC_0321-2-1024x618.jpg\" class=\"attachment-large size-large\" alt=\"\" aria-describedby=\"gallery-1-653\" srcset=\"https:\/\/www.puh-aga.pl\/cms\/wp-content\/uploads\/2016\/03\/DSC_0321-2-1024x618.jpg 1024w, https:\/\/www.puh-aga.pl\/cms\/wp-content\/uploads\/2016\/03\/DSC_0321-2-300x181.jpg 300w, https:\/\/www.puh-aga.pl\/cms\/wp-content\/uploads\/2016\/03\/DSC_0321-2-768x464.jpg 768w\" sizes=\"auto, (max-width: 900px) 100vw, 900px\" \/><\/a>\n\t\t\t<\/dt>\n\t\t\t\t<dd class='wp-caption-text gallery-caption' id='gallery-1-653'>\n\t\t\t\t3703 Dwa serca per\u0142owe (op. 30 szt.)\n\t\t\t\t<\/dd><\/dl><dl class='gallery-item'>\n\t\t\t<dt class='gallery-icon landscape'>\n\t\t\t\t<a href='https:\/\/www.puh-aga.pl\/cms\/wp-content\/uploads\/2016\/03\/DSC_0307.jpg'><img loading=\"lazy\" decoding=\"async\" width=\"900\" height=\"871\" src=\"https:\/\/www.puh-aga.pl\/cms\/wp-content\/uploads\/2016\/03\/DSC_0307-1024x991.jpg\" class=\"attachment-large size-large\" alt=\"\" aria-describedby=\"gallery-1-650\" srcset=\"https:\/\/www.puh-aga.pl\/cms\/wp-content\/uploads\/2016\/03\/DSC_0307-1024x991.jpg 1024w, https:\/\/www.puh-aga.pl\/cms\/wp-content\/uploads\/2016\/03\/DSC_0307-300x290.jpg 300w, https:\/\/www.puh-aga.pl\/cms\/wp-content\/uploads\/2016\/03\/DSC_0307-768x743.jpg 768w\" sizes=\"auto, (max-width: 900px) 100vw, 900px\" \/><\/a>\n\t\t\t<\/dt>\n\t\t\t\t<dd class='wp-caption-text gallery-caption' id='gallery-1-650'>\n\t\t\t\t3702 Serce czerwone (op. 30 szt.)\n\t\t\t\t<\/dd><\/dl><br style=\"clear: both\" \/><dl class='gallery-item'>\n\t\t\t<dt class='gallery-icon landscape'>\n\t\t\t\t<a href='https:\/\/www.puh-aga.pl\/cms\/wp-content\/uploads\/2016\/03\/DSC_0309.jpg'><img loading=\"lazy\" decoding=\"async\" width=\"900\" height=\"563\" src=\"https:\/\/www.puh-aga.pl\/cms\/wp-content\/uploads\/2016\/03\/DSC_0309-1024x640.jpg\" class=\"attachment-large size-large\" alt=\"\" aria-describedby=\"gallery-1-651\" srcset=\"https:\/\/www.puh-aga.pl\/cms\/wp-content\/uploads\/2016\/03\/DSC_0309-1024x640.jpg 1024w, https:\/\/www.puh-aga.pl\/cms\/wp-content\/uploads\/2016\/03\/DSC_0309-300x188.jpg 300w, https:\/\/www.puh-aga.pl\/cms\/wp-content\/uploads\/2016\/03\/DSC_0309-768x480.jpg 768w\" sizes=\"auto, (max-width: 900px) 100vw, 900px\" \/><\/a>\n\t\t\t<\/dt>\n\t\t\t\t<dd class='wp-caption-text gallery-caption' id='gallery-1-651'>\n\t\t\t\t3702 Serce czerwone (op. 30 szt.)\n\t\t\t\t<\/dd><\/dl><dl class='gallery-item'>\n\t\t\t<dt class='gallery-icon landscape'>\n\t\t\t\t<a href='https:\/\/www.puh-aga.pl\/cms\/wp-content\/uploads\/2016\/03\/DSC_0322.jpg'><img loading=\"lazy\" decoding=\"async\" width=\"900\" height=\"743\" src=\"https:\/\/www.puh-aga.pl\/cms\/wp-content\/uploads\/2016\/03\/DSC_0322-1024x845.jpg\" class=\"attachment-large size-large\" alt=\"\" aria-describedby=\"gallery-1-654\" srcset=\"https:\/\/www.puh-aga.pl\/cms\/wp-content\/uploads\/2016\/03\/DSC_0322-1024x845.jpg 1024w, https:\/\/www.puh-aga.pl\/cms\/wp-content\/uploads\/2016\/03\/DSC_0322-300x248.jpg 300w, https:\/\/www.puh-aga.pl\/cms\/wp-content\/uploads\/2016\/03\/DSC_0322-768x634.jpg 768w\" sizes=\"auto, (max-width: 900px) 100vw, 900px\" \/><\/a>\n\t\t\t<\/dt>\n\t\t\t\t<dd class='wp-caption-text gallery-caption' id='gallery-1-654'>\n\t\t\t\t3701 Serce per\u0142owe (op. 30 szt.)\n\t\t\t\t<\/dd><\/dl><dl class='gallery-item'>\n\t\t\t<dt class='gallery-icon landscape'>\n\t\t\t\t<a href='https:\/\/www.puh-aga.pl\/cms\/wp-content\/uploads\/2016\/03\/DSC_0323-2.jpg'><img loading=\"lazy\" decoding=\"async\" width=\"900\" height=\"626\" src=\"https:\/\/www.puh-aga.pl\/cms\/wp-content\/uploads\/2016\/03\/DSC_0323-2-1024x712.jpg\" class=\"attachment-large size-large\" alt=\"\" aria-describedby=\"gallery-1-655\" srcset=\"https:\/\/www.puh-aga.pl\/cms\/wp-content\/uploads\/2016\/03\/DSC_0323-2-1024x712.jpg 1024w, https:\/\/www.puh-aga.pl\/cms\/wp-content\/uploads\/2016\/03\/DSC_0323-2-300x208.jpg 300w, https:\/\/www.puh-aga.pl\/cms\/wp-content\/uploads\/2016\/03\/DSC_0323-2-768x534.jpg 768w\" sizes=\"auto, (max-width: 900px) 100vw, 900px\" \/><\/a>\n\t\t\t<\/dt>\n\t\t\t\t<dd class='wp-caption-text gallery-caption' id='gallery-1-655'>\n\t\t\t\t3701 Serca per\u0142owe (op. 30 szt.)\n\t\t\t\t<\/dd><\/dl><dl class='gallery-item'>\n\t\t\t<dt class='gallery-icon landscape'>\n\t\t\t\t<a href='https:\/\/www.puh-aga.pl\/cms\/wp-content\/uploads\/2016\/03\/DSC_0324.jpg'><img loading=\"lazy\" decoding=\"async\" width=\"900\" height=\"848\" src=\"https:\/\/www.puh-aga.pl\/cms\/wp-content\/uploads\/2016\/03\/DSC_0324-1024x965.jpg\" class=\"attachment-large size-large\" alt=\"\" aria-describedby=\"gallery-1-656\" srcset=\"https:\/\/www.puh-aga.pl\/cms\/wp-content\/uploads\/2016\/03\/DSC_0324-1024x965.jpg 1024w, https:\/\/www.puh-aga.pl\/cms\/wp-content\/uploads\/2016\/03\/DSC_0324-300x283.jpg 300w, https:\/\/www.puh-aga.pl\/cms\/wp-content\/uploads\/2016\/03\/DSC_0324-768x724.jpg 768w\" sizes=\"auto, (max-width: 900px) 100vw, 900px\" \/><\/a>\n\t\t\t<\/dt>\n\t\t\t\t<dd class='wp-caption-text gallery-caption' id='gallery-1-656'>\n\t\t\t\t3706 Serce z kokard\u0105 czerwone (op. 40 szt.)\n\t\t\t\t<\/dd><\/dl><br style=\"clear: both\" \/><dl class='gallery-item'>\n\t\t\t<dt class='gallery-icon landscape'>\n\t\t\t\t<a href='https:\/\/www.puh-aga.pl\/cms\/wp-content\/uploads\/2016\/03\/DSC_0326.jpg'><img loading=\"lazy\" decoding=\"async\" width=\"900\" height=\"664\" src=\"https:\/\/www.puh-aga.pl\/cms\/wp-content\/uploads\/2016\/03\/DSC_0326-1024x755.jpg\" class=\"attachment-large size-large\" alt=\"\" aria-describedby=\"gallery-1-657\" srcset=\"https:\/\/www.puh-aga.pl\/cms\/wp-content\/uploads\/2016\/03\/DSC_0326-1024x755.jpg 1024w, https:\/\/www.puh-aga.pl\/cms\/wp-content\/uploads\/2016\/03\/DSC_0326-300x221.jpg 300w, https:\/\/www.puh-aga.pl\/cms\/wp-content\/uploads\/2016\/03\/DSC_0326-768x566.jpg 768w\" sizes=\"auto, (max-width: 900px) 100vw, 900px\" \/><\/a>\n\t\t\t<\/dt>\n\t\t\t\t<dd class='wp-caption-text gallery-caption' id='gallery-1-657'>\n\t\t\t\t3706 Serce z kokard\u0105 czerwone (op. 40 szt.)\n\t\t\t\t<\/dd><\/dl><dl class='gallery-item'>\n\t\t\t<dt class='gallery-icon landscape'>\n\t\t\t\t<a href='https:\/\/www.puh-aga.pl\/cms\/wp-content\/uploads\/2016\/03\/DSC_0328-1.jpg'><img loading=\"lazy\" decoding=\"async\" width=\"900\" height=\"807\" src=\"https:\/\/www.puh-aga.pl\/cms\/wp-content\/uploads\/2016\/03\/DSC_0328-1-1024x918.jpg\" class=\"attachment-large size-large\" alt=\"\" aria-describedby=\"gallery-1-659\" srcset=\"https:\/\/www.puh-aga.pl\/cms\/wp-content\/uploads\/2016\/03\/DSC_0328-1-1024x918.jpg 1024w, https:\/\/www.puh-aga.pl\/cms\/wp-content\/uploads\/2016\/03\/DSC_0328-1-300x269.jpg 300w, https:\/\/www.puh-aga.pl\/cms\/wp-content\/uploads\/2016\/03\/DSC_0328-1-768x688.jpg 768w\" sizes=\"auto, (max-width: 900px) 100vw, 900px\" \/><\/a>\n\t\t\t<\/dt>\n\t\t\t\t<dd class='wp-caption-text gallery-caption' id='gallery-1-659'>\n\t\t\t\t3705 Serce z kokard\u0105 per\u0142owe (op. 30 szt.)\n\t\t\t\t<\/dd><\/dl><dl class='gallery-item'>\n\t\t\t<dt class='gallery-icon landscape'>\n\t\t\t\t<a href='https:\/\/www.puh-aga.pl\/cms\/wp-content\/uploads\/2016\/03\/DSC_0331.jpg'><img loading=\"lazy\" decoding=\"async\" width=\"900\" height=\"628\" src=\"https:\/\/www.puh-aga.pl\/cms\/wp-content\/uploads\/2016\/03\/DSC_0331-1024x714.jpg\" class=\"attachment-large size-large\" alt=\"\" aria-describedby=\"gallery-1-660\" srcset=\"https:\/\/www.puh-aga.pl\/cms\/wp-content\/uploads\/2016\/03\/DSC_0331-1024x714.jpg 1024w, https:\/\/www.puh-aga.pl\/cms\/wp-content\/uploads\/2016\/03\/DSC_0331-300x209.jpg 300w, https:\/\/www.puh-aga.pl\/cms\/wp-content\/uploads\/2016\/03\/DSC_0331-768x536.jpg 768w\" sizes=\"auto, (max-width: 900px) 100vw, 900px\" \/><\/a>\n\t\t\t<\/dt>\n\t\t\t\t<dd class='wp-caption-text gallery-caption' id='gallery-1-660'>\n\t\t\t\t3705 Serce z kokard\u0105 per\u0142owe (op. 30 szt.)\n\t\t\t\t<\/dd><\/dl><dl class='gallery-item'>\n\t\t\t<dt class='gallery-icon portrait'>\n\t\t\t\t<a href='https:\/\/www.puh-aga.pl\/cms\/wp-content\/uploads\/2016\/03\/DSC_0313.jpg'><img loading=\"lazy\" decoding=\"async\" width=\"900\" height=\"923\" src=\"https:\/\/www.puh-aga.pl\/cms\/wp-content\/uploads\/2016\/03\/DSC_0313-999x1024.jpg\" class=\"attachment-large size-large\" alt=\"\" aria-describedby=\"gallery-1-564\" srcset=\"https:\/\/www.puh-aga.pl\/cms\/wp-content\/uploads\/2016\/03\/DSC_0313-999x1024.jpg 999w, https:\/\/www.puh-aga.pl\/cms\/wp-content\/uploads\/2016\/03\/DSC_0313-293x300.jpg 293w, https:\/\/www.puh-aga.pl\/cms\/wp-content\/uploads\/2016\/03\/DSC_0313-768x787.jpg 768w\" sizes=\"auto, (max-width: 900px) 100vw, 900px\" \/><\/a>\n\t\t\t<\/dt>\n\t\t\t\t<dd class='wp-caption-text gallery-caption' id='gallery-1-564'>\n\t\t\t\tPude\u0142ko z sercami\n\t\t\t\t<\/dd><\/dl><br style=\"clear: both\" \/><dl class='gallery-item'>\n\t\t\t<dt class='gallery-icon landscape'>\n\t\t\t\t<a href='https:\/\/www.puh-aga.pl\/cms\/wp-content\/uploads\/2016\/03\/DSC_0316.jpg'><img loading=\"lazy\" decoding=\"async\" width=\"900\" height=\"833\" src=\"https:\/\/www.puh-aga.pl\/cms\/wp-content\/uploads\/2016\/03\/DSC_0316-1024x948.jpg\" class=\"attachment-large size-large\" alt=\"\" aria-describedby=\"gallery-1-565\" srcset=\"https:\/\/www.puh-aga.pl\/cms\/wp-content\/uploads\/2016\/03\/DSC_0316-1024x948.jpg 1024w, https:\/\/www.puh-aga.pl\/cms\/wp-content\/uploads\/2016\/03\/DSC_0316-300x278.jpg 300w, https:\/\/www.puh-aga.pl\/cms\/wp-content\/uploads\/2016\/03\/DSC_0316-768x711.jpg 768w\" sizes=\"auto, (max-width: 900px) 100vw, 900px\" \/><\/a>\n\t\t\t<\/dt>\n\t\t\t\t<dd class='wp-caption-text gallery-caption' id='gallery-1-565'>\n\t\t\t\tPude\u0142ko z sercami (r\u00f3\u017cne rozmiary)\n\t\t\t\t<\/dd><\/dl><dl class='gallery-item'>\n\t\t\t<dt class='gallery-icon landscape'>\n\t\t\t\t<a href='https:\/\/www.puh-aga.pl\/cms\/wp-content\/uploads\/2016\/03\/DSC_0333-1.jpg'><img loading=\"lazy\" decoding=\"async\" width=\"900\" height=\"497\" src=\"https:\/\/www.puh-aga.pl\/cms\/wp-content\/uploads\/2016\/03\/DSC_0333-1-1024x566.jpg\" class=\"attachment-large size-large\" alt=\"\" aria-describedby=\"gallery-1-545\" srcset=\"https:\/\/www.puh-aga.pl\/cms\/wp-content\/uploads\/2016\/03\/DSC_0333-1-1024x566.jpg 1024w, https:\/\/www.puh-aga.pl\/cms\/wp-content\/uploads\/2016\/03\/DSC_0333-1-300x166.jpg 300w, https:\/\/www.puh-aga.pl\/cms\/wp-content\/uploads\/2016\/03\/DSC_0333-1-768x424.jpg 768w, https:\/\/www.puh-aga.pl\/cms\/wp-content\/uploads\/2016\/03\/DSC_0333-1-672x372.jpg 672w\" sizes=\"auto, (max-width: 900px) 100vw, 900px\" \/><\/a>\n\t\t\t<\/dt>\n\t\t\t\t<dd class='wp-caption-text gallery-caption' id='gallery-1-545'>\n\t\t\t\tTa\u015bma na tort &#8222;serca&#8221; (d\u0142. 1m)\n\t\t\t\t<\/dd><\/dl><dl class='gallery-item'>\n\t\t\t<dt class='gallery-icon landscape'>\n\t\t\t\t<a href='https:\/\/www.puh-aga.pl\/cms\/wp-content\/uploads\/2016\/03\/DSC_0332.jpg'><img loading=\"lazy\" decoding=\"async\" width=\"900\" height=\"600\" src=\"https:\/\/www.puh-aga.pl\/cms\/wp-content\/uploads\/2016\/03\/DSC_0332-1024x683.jpg\" class=\"attachment-large size-large\" alt=\"\" aria-describedby=\"gallery-1-544\" srcset=\"https:\/\/www.puh-aga.pl\/cms\/wp-content\/uploads\/2016\/03\/DSC_0332-1024x683.jpg 1024w, https:\/\/www.puh-aga.pl\/cms\/wp-content\/uploads\/2016\/03\/DSC_0332-300x200.jpg 300w, https:\/\/www.puh-aga.pl\/cms\/wp-content\/uploads\/2016\/03\/DSC_0332-768x512.jpg 768w\" sizes=\"auto, (max-width: 900px) 100vw, 900px\" \/><\/a>\n\t\t\t<\/dt>\n\t\t\t\t<dd class='wp-caption-text gallery-caption' id='gallery-1-544'>\n\t\t\t\tTa\u015bma na tort &#8222;serca&#8221; (d\u0142. 1m)\n\t\t\t\t<\/dd><\/dl>\n\t\t\t<br style='clear: both' \/>\n\t\t<\/div>\n\n","protected":false},"excerpt":{"rendered":"<p>&hellip;<\/p>\n","protected":false},"author":1,"featured_media":0,"parent":25,"menu_order":0,"comment_status":"closed","ping_status":"closed","template":"","meta":{"footnotes":""},"class_list":["post-1116","page","type-page","status-publish","hentry"],"_links":{"self":[{"href":"https:\/\/www.puh-aga.pl\/cms\/index.php\/wp-json\/wp\/v2\/pages\/1116","targetHints":{"allow":["GET"]}}],"collection":[{"href":"https:\/\/www.puh-aga.pl\/cms\/index.php\/wp-json\/wp\/v2\/pages"}],"about":[{"href":"https:\/\/www.puh-aga.pl\/cms\/index.php\/wp-json\/wp\/v2\/types\/page"}],"author":[{"embeddable":true,"href":"https:\/\/www.puh-aga.pl\/cms\/index.php\/wp-json\/wp\/v2\/users\/1"}],"replies":[{"embeddable":true,"href":"https:\/\/www.puh-aga.pl\/cms\/index.php\/wp-json\/wp\/v2\/comments?post=1116"}],"version-history":[{"count":1,"href":"https:\/\/www.puh-aga.pl\/cms\/index.php\/wp-json\/wp\/v2\/pages\/1116\/revisions"}],"predecessor-version":[{"id":1117,"href":"https:\/\/www.puh-aga.pl\/cms\/index.php\/wp-json\/wp\/v2\/pages\/1116\/revisions\/1117"}],"up":[{"embeddable":true,"href":"https:\/\/www.puh-aga.pl\/cms\/index.php\/wp-json\/wp\/v2\/pages\/25"}],"wp:attachment":[{"href":"https:\/\/www.puh-aga.pl\/cms\/index.php\/wp-json\/wp\/v2\/media?parent=1116"}],"curies":[{"name":"wp","href":"https:\/\/api.w.org\/{rel}","templated":true}]}}