{"id":1098,"date":"2016-11-29T22:05:50","date_gmt":"2016-11-29T21:05:50","guid":{"rendered":"http:\/\/www.puh-aga.pl\/cms\/?page_id=1098"},"modified":"2016-11-29T22:05:50","modified_gmt":"2016-11-29T21:05:50","slug":"posypki","status":"publish","type":"page","link":"https:\/\/www.puh-aga.pl\/cms\/index.php\/galeria\/posypki\/","title":{"rendered":"Posypki"},"content":{"rendered":"<div id='gallery-1' class='gallery galleryid-1098 gallery-columns-4 gallery-size-large'><dl class='gallery-item'>\n\t\t\t<dt class='gallery-icon landscape'>\n\t\t\t\t<a href='https:\/\/www.puh-aga.pl\/cms\/wp-content\/uploads\/2016\/03\/image-20.jpg'><img loading=\"lazy\" decoding=\"async\" width=\"330\" height=\"281\" src=\"https:\/\/www.puh-aga.pl\/cms\/wp-content\/uploads\/2016\/03\/image-20.jpg\" class=\"attachment-large size-large\" alt=\"\" srcset=\"https:\/\/www.puh-aga.pl\/cms\/wp-content\/uploads\/2016\/03\/image-20.jpg 330w, https:\/\/www.puh-aga.pl\/cms\/wp-content\/uploads\/2016\/03\/image-20-300x255.jpg 300w\" sizes=\"auto, (max-width: 330px) 100vw, 330px\" \/><\/a>\n\t\t\t<\/dt><\/dl><dl class='gallery-item'>\n\t\t\t<dt class='gallery-icon landscape'>\n\t\t\t\t<a href='https:\/\/www.puh-aga.pl\/cms\/wp-content\/uploads\/2016\/03\/image-22.jpg'><img loading=\"lazy\" decoding=\"async\" width=\"432\" height=\"336\" src=\"https:\/\/www.puh-aga.pl\/cms\/wp-content\/uploads\/2016\/03\/image-22.jpg\" class=\"attachment-large size-large\" alt=\"\" srcset=\"https:\/\/www.puh-aga.pl\/cms\/wp-content\/uploads\/2016\/03\/image-22.jpg 432w, https:\/\/www.puh-aga.pl\/cms\/wp-content\/uploads\/2016\/03\/image-22-300x233.jpg 300w\" sizes=\"auto, (max-width: 432px) 100vw, 432px\" \/><\/a>\n\t\t\t<\/dt><\/dl><dl class='gallery-item'>\n\t\t\t<dt class='gallery-icon landscape'>\n\t\t\t\t<a href='https:\/\/www.puh-aga.pl\/cms\/wp-content\/uploads\/2016\/03\/DSC_0014.jpg'><img loading=\"lazy\" decoding=\"async\" width=\"900\" height=\"593\" src=\"https:\/\/www.puh-aga.pl\/cms\/wp-content\/uploads\/2016\/03\/DSC_0014-1024x675.jpg\" class=\"attachment-large size-large\" alt=\"\" aria-describedby=\"gallery-1-46\" srcset=\"https:\/\/www.puh-aga.pl\/cms\/wp-content\/uploads\/2016\/03\/DSC_0014-1024x675.jpg 1024w, https:\/\/www.puh-aga.pl\/cms\/wp-content\/uploads\/2016\/03\/DSC_0014-300x198.jpg 300w, https:\/\/www.puh-aga.pl\/cms\/wp-content\/uploads\/2016\/03\/DSC_0014-768x506.jpg 768w, https:\/\/www.puh-aga.pl\/cms\/wp-content\/uploads\/2016\/03\/DSC_0014-1200x791.jpg 1200w, https:\/\/www.puh-aga.pl\/cms\/wp-content\/uploads\/2016\/03\/DSC_0014-600x395.jpg 600w\" sizes=\"auto, (max-width: 900px) 100vw, 900px\" \/><\/a>\n\t\t\t<\/dt>\n\t\t\t\t<dd class='wp-caption-text gallery-caption' id='gallery-1-46'>\n\t\t\t\t5015\/B Konfetti p\u0142atki \u015bniegu bia\u0142o-niebieskie (50g)\n\t\t\t\t<\/dd><\/dl><dl class='gallery-item'>\n\t\t\t<dt class='gallery-icon landscape'>\n\t\t\t\t<a href='https:\/\/www.puh-aga.pl\/cms\/wp-content\/uploads\/2016\/03\/konfetti_choinki.jpg'><img loading=\"lazy\" decoding=\"async\" width=\"888\" height=\"888\" src=\"https:\/\/www.puh-aga.pl\/cms\/wp-content\/uploads\/2016\/03\/konfetti_choinki.jpg\" class=\"attachment-large size-large\" alt=\"\" aria-describedby=\"gallery-1-48\" srcset=\"https:\/\/www.puh-aga.pl\/cms\/wp-content\/uploads\/2016\/03\/konfetti_choinki.jpg 888w, https:\/\/www.puh-aga.pl\/cms\/wp-content\/uploads\/2016\/03\/konfetti_choinki-150x150.jpg 150w, https:\/\/www.puh-aga.pl\/cms\/wp-content\/uploads\/2016\/03\/konfetti_choinki-300x300.jpg 300w, https:\/\/www.puh-aga.pl\/cms\/wp-content\/uploads\/2016\/03\/konfetti_choinki-768x768.jpg 768w, https:\/\/www.puh-aga.pl\/cms\/wp-content\/uploads\/2016\/03\/konfetti_choinki-600x600.jpg 600w\" sizes=\"auto, (max-width: 888px) 100vw, 888px\" \/><\/a>\n\t\t\t<\/dt>\n\t\t\t\t<dd class='wp-caption-text gallery-caption' id='gallery-1-48'>\n\t\t\t\t5010\/A Konfetti choinki ZIELONE 200g\n\t\t\t\t<\/dd><\/dl><br style=\"clear: both\" \/><dl class='gallery-item'>\n\t\t\t<dt class='gallery-icon landscape'>\n\t\t\t\t<a href='https:\/\/www.puh-aga.pl\/cms\/wp-content\/uploads\/2016\/03\/konfetti_mix-300x300.jpg'><img loading=\"lazy\" decoding=\"async\" width=\"300\" height=\"300\" src=\"https:\/\/www.puh-aga.pl\/cms\/wp-content\/uploads\/2016\/03\/konfetti_mix-300x300.jpg\" class=\"attachment-large size-large\" alt=\"\" aria-describedby=\"gallery-1-50\" srcset=\"https:\/\/www.puh-aga.pl\/cms\/wp-content\/uploads\/2016\/03\/konfetti_mix-300x300.jpg 300w, https:\/\/www.puh-aga.pl\/cms\/wp-content\/uploads\/2016\/03\/konfetti_mix-300x300-150x150.jpg 150w\" sizes=\"auto, (max-width: 300px) 100vw, 300px\" \/><\/a>\n\t\t\t<\/dt>\n\t\t\t\t<dd class='wp-caption-text gallery-caption' id='gallery-1-50'>\n\t\t\t\t5011\/A Konfetti MIX \u015awi\u0105teczny (200g)\n\t\t\t\t<\/dd><\/dl><dl class='gallery-item'>\n\t\t\t<dt class='gallery-icon landscape'>\n\t\t\t\t<a href='https:\/\/www.puh-aga.pl\/cms\/wp-content\/uploads\/2016\/03\/konfetti_gwiazdki-300x300.jpg'><img loading=\"lazy\" decoding=\"async\" width=\"300\" height=\"300\" src=\"https:\/\/www.puh-aga.pl\/cms\/wp-content\/uploads\/2016\/03\/konfetti_gwiazdki-300x300.jpg\" class=\"attachment-large size-large\" alt=\"\" aria-describedby=\"gallery-1-49\" srcset=\"https:\/\/www.puh-aga.pl\/cms\/wp-content\/uploads\/2016\/03\/konfetti_gwiazdki-300x300.jpg 300w, https:\/\/www.puh-aga.pl\/cms\/wp-content\/uploads\/2016\/03\/konfetti_gwiazdki-300x300-150x150.jpg 150w\" sizes=\"auto, (max-width: 300px) 100vw, 300px\" \/><\/a>\n\t\t\t<\/dt>\n\t\t\t\t<dd class='wp-caption-text gallery-caption' id='gallery-1-49'>\n\t\t\t\t5006\/A Konfetti GWIAZDKI (200g)\n\t\t\t\t<\/dd><\/dl><dl class='gallery-item'>\n\t\t\t<dt class='gallery-icon landscape'>\n\t\t\t\t<a href='https:\/\/www.puh-aga.pl\/cms\/wp-content\/uploads\/2016\/03\/konfetti_platki-sniegu-300x300.jpg'><img loading=\"lazy\" decoding=\"async\" width=\"300\" height=\"300\" src=\"https:\/\/www.puh-aga.pl\/cms\/wp-content\/uploads\/2016\/03\/konfetti_platki-sniegu-300x300.jpg\" class=\"attachment-large size-large\" alt=\"\" aria-describedby=\"gallery-1-51\" srcset=\"https:\/\/www.puh-aga.pl\/cms\/wp-content\/uploads\/2016\/03\/konfetti_platki-sniegu-300x300.jpg 300w, https:\/\/www.puh-aga.pl\/cms\/wp-content\/uploads\/2016\/03\/konfetti_platki-sniegu-300x300-150x150.jpg 150w\" sizes=\"auto, (max-width: 300px) 100vw, 300px\" \/><\/a>\n\t\t\t<\/dt>\n\t\t\t\t<dd class='wp-caption-text gallery-caption' id='gallery-1-51'>\n\t\t\t\t5007\/A Konfetti p\u0142atki \u015bniegu (200g)\n\t\t\t\t<\/dd><\/dl><dl class='gallery-item'>\n\t\t\t<dt class='gallery-icon landscape'>\n\t\t\t\t<a href='https:\/\/www.puh-aga.pl\/cms\/wp-content\/uploads\/2016\/03\/01.jpg'><img loading=\"lazy\" decoding=\"async\" width=\"900\" height=\"900\" src=\"https:\/\/www.puh-aga.pl\/cms\/wp-content\/uploads\/2016\/03\/01-1024x1024.jpg\" class=\"attachment-large size-large\" alt=\"\" srcset=\"https:\/\/www.puh-aga.pl\/cms\/wp-content\/uploads\/2016\/03\/01-1024x1024.jpg 1024w, https:\/\/www.puh-aga.pl\/cms\/wp-content\/uploads\/2016\/03\/01-150x150.jpg 150w, https:\/\/www.puh-aga.pl\/cms\/wp-content\/uploads\/2016\/03\/01-300x300.jpg 300w, https:\/\/www.puh-aga.pl\/cms\/wp-content\/uploads\/2016\/03\/01-768x768.jpg 768w\" sizes=\"auto, (max-width: 900px) 100vw, 900px\" \/><\/a>\n\t\t\t<\/dt><\/dl><br style=\"clear: both\" \/><dl class='gallery-item'>\n\t\t\t<dt class='gallery-icon landscape'>\n\t\t\t\t<a href='https:\/\/www.puh-aga.pl\/cms\/wp-content\/uploads\/2016\/03\/02.jpg'><img loading=\"lazy\" decoding=\"async\" width=\"900\" height=\"900\" src=\"https:\/\/www.puh-aga.pl\/cms\/wp-content\/uploads\/2016\/03\/02-1024x1024.jpg\" class=\"attachment-large size-large\" alt=\"\" srcset=\"https:\/\/www.puh-aga.pl\/cms\/wp-content\/uploads\/2016\/03\/02-1024x1024.jpg 1024w, https:\/\/www.puh-aga.pl\/cms\/wp-content\/uploads\/2016\/03\/02-150x150.jpg 150w, https:\/\/www.puh-aga.pl\/cms\/wp-content\/uploads\/2016\/03\/02-300x300.jpg 300w, https:\/\/www.puh-aga.pl\/cms\/wp-content\/uploads\/2016\/03\/02-768x768.jpg 768w\" sizes=\"auto, (max-width: 900px) 100vw, 900px\" \/><\/a>\n\t\t\t<\/dt><\/dl><dl class='gallery-item'>\n\t\t\t<dt class='gallery-icon landscape'>\n\t\t\t\t<a href='https:\/\/www.puh-aga.pl\/cms\/wp-content\/uploads\/2016\/03\/03.jpg'><img loading=\"lazy\" decoding=\"async\" width=\"900\" height=\"900\" src=\"https:\/\/www.puh-aga.pl\/cms\/wp-content\/uploads\/2016\/03\/03-1024x1024.jpg\" class=\"attachment-large size-large\" alt=\"\" srcset=\"https:\/\/www.puh-aga.pl\/cms\/wp-content\/uploads\/2016\/03\/03-1024x1024.jpg 1024w, https:\/\/www.puh-aga.pl\/cms\/wp-content\/uploads\/2016\/03\/03-150x150.jpg 150w, https:\/\/www.puh-aga.pl\/cms\/wp-content\/uploads\/2016\/03\/03-300x300.jpg 300w, https:\/\/www.puh-aga.pl\/cms\/wp-content\/uploads\/2016\/03\/03-768x768.jpg 768w\" sizes=\"auto, (max-width: 900px) 100vw, 900px\" \/><\/a>\n\t\t\t<\/dt><\/dl><dl class='gallery-item'>\n\t\t\t<dt class='gallery-icon landscape'>\n\t\t\t\t<a href='https:\/\/www.puh-aga.pl\/cms\/wp-content\/uploads\/2016\/03\/04.jpg'><img loading=\"lazy\" decoding=\"async\" width=\"900\" height=\"900\" src=\"https:\/\/www.puh-aga.pl\/cms\/wp-content\/uploads\/2016\/03\/04-1024x1024.jpg\" class=\"attachment-large size-large\" alt=\"\" srcset=\"https:\/\/www.puh-aga.pl\/cms\/wp-content\/uploads\/2016\/03\/04-1024x1024.jpg 1024w, https:\/\/www.puh-aga.pl\/cms\/wp-content\/uploads\/2016\/03\/04-150x150.jpg 150w, https:\/\/www.puh-aga.pl\/cms\/wp-content\/uploads\/2016\/03\/04-300x300.jpg 300w, https:\/\/www.puh-aga.pl\/cms\/wp-content\/uploads\/2016\/03\/04-768x768.jpg 768w\" sizes=\"auto, (max-width: 900px) 100vw, 900px\" \/><\/a>\n\t\t\t<\/dt><\/dl><dl class='gallery-item'>\n\t\t\t<dt class='gallery-icon landscape'>\n\t\t\t\t<a href='https:\/\/www.puh-aga.pl\/cms\/wp-content\/uploads\/2016\/03\/062.jpg'><img loading=\"lazy\" decoding=\"async\" width=\"900\" height=\"900\" src=\"https:\/\/www.puh-aga.pl\/cms\/wp-content\/uploads\/2016\/03\/062-1024x1024.jpg\" class=\"attachment-large size-large\" alt=\"\" srcset=\"https:\/\/www.puh-aga.pl\/cms\/wp-content\/uploads\/2016\/03\/062-1024x1024.jpg 1024w, https:\/\/www.puh-aga.pl\/cms\/wp-content\/uploads\/2016\/03\/062-150x150.jpg 150w, https:\/\/www.puh-aga.pl\/cms\/wp-content\/uploads\/2016\/03\/062-300x300.jpg 300w, https:\/\/www.puh-aga.pl\/cms\/wp-content\/uploads\/2016\/03\/062-768x768.jpg 768w\" sizes=\"auto, (max-width: 900px) 100vw, 900px\" \/><\/a>\n\t\t\t<\/dt><\/dl><br style=\"clear: both\" \/><dl class='gallery-item'>\n\t\t\t<dt class='gallery-icon landscape'>\n\t\t\t\t<a href='https:\/\/www.puh-aga.pl\/cms\/wp-content\/uploads\/2016\/03\/00016.jpg'><img loading=\"lazy\" decoding=\"async\" width=\"900\" height=\"314\" src=\"https:\/\/www.puh-aga.pl\/cms\/wp-content\/uploads\/2016\/03\/00016.jpg\" class=\"attachment-large size-large\" alt=\"\" aria-describedby=\"gallery-1-430\" srcset=\"https:\/\/www.puh-aga.pl\/cms\/wp-content\/uploads\/2016\/03\/00016.jpg 999w, https:\/\/www.puh-aga.pl\/cms\/wp-content\/uploads\/2016\/03\/00016-300x105.jpg 300w, https:\/\/www.puh-aga.pl\/cms\/wp-content\/uploads\/2016\/03\/00016-768x268.jpg 768w\" sizes=\"auto, (max-width: 900px) 100vw, 900px\" \/><\/a>\n\t\t\t<\/dt>\n\t\t\t\t<dd class='wp-caption-text gallery-caption' id='gallery-1-430'>\n\t\t\t\t60229 Groszki per\u0142owe\n\t\t\t\t<\/dd><\/dl><dl class='gallery-item'>\n\t\t\t<dt class='gallery-icon landscape'>\n\t\t\t\t<a href='https:\/\/www.puh-aga.pl\/cms\/wp-content\/uploads\/2016\/03\/00012.jpg'><img loading=\"lazy\" decoding=\"async\" width=\"888\" height=\"888\" src=\"https:\/\/www.puh-aga.pl\/cms\/wp-content\/uploads\/2016\/03\/00012.jpg\" class=\"attachment-large size-large\" alt=\"\" aria-describedby=\"gallery-1-429\" srcset=\"https:\/\/www.puh-aga.pl\/cms\/wp-content\/uploads\/2016\/03\/00012.jpg 888w, https:\/\/www.puh-aga.pl\/cms\/wp-content\/uploads\/2016\/03\/00012-150x150.jpg 150w, https:\/\/www.puh-aga.pl\/cms\/wp-content\/uploads\/2016\/03\/00012-300x300.jpg 300w, https:\/\/www.puh-aga.pl\/cms\/wp-content\/uploads\/2016\/03\/00012-768x768.jpg 768w\" sizes=\"auto, (max-width: 888px) 100vw, 888px\" \/><\/a>\n\t\t\t<\/dt>\n\t\t\t\t<dd class='wp-caption-text gallery-caption' id='gallery-1-429'>\n\t\t\t\t33033\/B Pere\u0142ki MIX kolor\u00f3w 4mm\n\t\t\t\t<\/dd><\/dl><dl class='gallery-item'>\n\t\t\t<dt class='gallery-icon landscape'>\n\t\t\t\t<a href='https:\/\/www.puh-aga.pl\/cms\/wp-content\/uploads\/2016\/03\/33029.jpg'><img loading=\"lazy\" decoding=\"async\" width=\"889\" height=\"556\" src=\"https:\/\/www.puh-aga.pl\/cms\/wp-content\/uploads\/2016\/03\/33029.jpg\" class=\"attachment-large size-large\" alt=\"\" aria-describedby=\"gallery-1-432\" srcset=\"https:\/\/www.puh-aga.pl\/cms\/wp-content\/uploads\/2016\/03\/33029.jpg 889w, https:\/\/www.puh-aga.pl\/cms\/wp-content\/uploads\/2016\/03\/33029-300x188.jpg 300w, https:\/\/www.puh-aga.pl\/cms\/wp-content\/uploads\/2016\/03\/33029-768x480.jpg 768w\" sizes=\"auto, (max-width: 889px) 100vw, 889px\" \/><\/a>\n\t\t\t<\/dt>\n\t\t\t\t<dd class='wp-caption-text gallery-caption' id='gallery-1-432'>\n\t\t\t\t33029 Per\u0142y czekoladowe\n\t\t\t\t<\/dd><\/dl><dl class='gallery-item'>\n\t\t\t<dt class='gallery-icon landscape'>\n\t\t\t\t<a href='https:\/\/www.puh-aga.pl\/cms\/wp-content\/uploads\/2016\/03\/DSC_0268.jpg'><img loading=\"lazy\" decoding=\"async\" width=\"900\" height=\"562\" src=\"https:\/\/www.puh-aga.pl\/cms\/wp-content\/uploads\/2016\/03\/DSC_0268-1024x639.jpg\" class=\"attachment-large size-large\" alt=\"\" aria-describedby=\"gallery-1-434\" srcset=\"https:\/\/www.puh-aga.pl\/cms\/wp-content\/uploads\/2016\/03\/DSC_0268-1024x639.jpg 1024w, https:\/\/www.puh-aga.pl\/cms\/wp-content\/uploads\/2016\/03\/DSC_0268-300x187.jpg 300w, https:\/\/www.puh-aga.pl\/cms\/wp-content\/uploads\/2016\/03\/DSC_0268-768x479.jpg 768w\" sizes=\"auto, (max-width: 900px) 100vw, 900px\" \/><\/a>\n\t\t\t<\/dt>\n\t\t\t\t<dd class='wp-caption-text gallery-caption' id='gallery-1-434'>\n\t\t\t\t33019\/B Pere\u0142ki NIEBIESKIE, 33027\/B Pere\u0142ki R\u00d3\u017bOWE, 33033\/B Pere\u0142ki MIX\n\t\t\t\t<\/dd><\/dl><br style=\"clear: both\" \/><dl class='gallery-item'>\n\t\t\t<dt class='gallery-icon landscape'>\n\t\t\t\t<a href='https:\/\/www.puh-aga.pl\/cms\/wp-content\/uploads\/2016\/03\/DSC_0285.jpg'><img loading=\"lazy\" decoding=\"async\" width=\"900\" height=\"600\" src=\"https:\/\/www.puh-aga.pl\/cms\/wp-content\/uploads\/2016\/03\/DSC_0285-1024x683.jpg\" class=\"attachment-large size-large\" alt=\"\" aria-describedby=\"gallery-1-435\" srcset=\"https:\/\/www.puh-aga.pl\/cms\/wp-content\/uploads\/2016\/03\/DSC_0285-1024x683.jpg 1024w, https:\/\/www.puh-aga.pl\/cms\/wp-content\/uploads\/2016\/03\/DSC_0285-300x200.jpg 300w, https:\/\/www.puh-aga.pl\/cms\/wp-content\/uploads\/2016\/03\/DSC_0285-768x512.jpg 768w\" sizes=\"auto, (max-width: 900px) 100vw, 900px\" \/><\/a>\n\t\t\t<\/dt>\n\t\t\t\t<dd class='wp-caption-text gallery-caption' id='gallery-1-435'>\n\t\t\t\t60220\/R Pere\u0142ki R\u00d3\u017bOWE\n\t\t\t\t<\/dd><\/dl><dl class='gallery-item'>\n\t\t\t<dt class='gallery-icon landscape'>\n\t\t\t\t<a href='https:\/\/www.puh-aga.pl\/cms\/wp-content\/uploads\/2016\/03\/DSC_0286.jpg'><img loading=\"lazy\" decoding=\"async\" width=\"900\" height=\"598\" src=\"https:\/\/www.puh-aga.pl\/cms\/wp-content\/uploads\/2016\/03\/DSC_0286-1024x680.jpg\" class=\"attachment-large size-large\" alt=\"\" aria-describedby=\"gallery-1-436\" srcset=\"https:\/\/www.puh-aga.pl\/cms\/wp-content\/uploads\/2016\/03\/DSC_0286-1024x680.jpg 1024w, https:\/\/www.puh-aga.pl\/cms\/wp-content\/uploads\/2016\/03\/DSC_0286-300x199.jpg 300w, https:\/\/www.puh-aga.pl\/cms\/wp-content\/uploads\/2016\/03\/DSC_0286-768x510.jpg 768w\" sizes=\"auto, (max-width: 900px) 100vw, 900px\" \/><\/a>\n\t\t\t<\/dt>\n\t\t\t\t<dd class='wp-caption-text gallery-caption' id='gallery-1-436'>\n\t\t\t\t60220\/AZ Pere\u0142ki NIEBIESKIE\n\t\t\t\t<\/dd><\/dl><dl class='gallery-item'>\n\t\t\t<dt class='gallery-icon landscape'>\n\t\t\t\t<a href='https:\/\/www.puh-aga.pl\/cms\/wp-content\/uploads\/2016\/03\/DSC_0648.jpg'><img loading=\"lazy\" decoding=\"async\" width=\"900\" height=\"600\" src=\"https:\/\/www.puh-aga.pl\/cms\/wp-content\/uploads\/2016\/03\/DSC_0648-1024x683.jpg\" class=\"attachment-large size-large\" alt=\"\" aria-describedby=\"gallery-1-437\" srcset=\"https:\/\/www.puh-aga.pl\/cms\/wp-content\/uploads\/2016\/03\/DSC_0648-1024x683.jpg 1024w, https:\/\/www.puh-aga.pl\/cms\/wp-content\/uploads\/2016\/03\/DSC_0648-300x200.jpg 300w, https:\/\/www.puh-aga.pl\/cms\/wp-content\/uploads\/2016\/03\/DSC_0648-768x512.jpg 768w\" sizes=\"auto, (max-width: 900px) 100vw, 900px\" \/><\/a>\n\t\t\t<\/dt>\n\t\t\t\t<dd class='wp-caption-text gallery-caption' id='gallery-1-437'>\n\t\t\t\tPosypka waflowa &#8211; ZIELONA (100g)\n\t\t\t\t<\/dd><\/dl><dl class='gallery-item'>\n\t\t\t<dt class='gallery-icon landscape'>\n\t\t\t\t<a href='https:\/\/www.puh-aga.pl\/cms\/wp-content\/uploads\/2016\/03\/DSC_0650.jpg'><img loading=\"lazy\" decoding=\"async\" width=\"900\" height=\"600\" src=\"https:\/\/www.puh-aga.pl\/cms\/wp-content\/uploads\/2016\/03\/DSC_0650-1024x683.jpg\" class=\"attachment-large size-large\" alt=\"\" aria-describedby=\"gallery-1-438\" srcset=\"https:\/\/www.puh-aga.pl\/cms\/wp-content\/uploads\/2016\/03\/DSC_0650-1024x683.jpg 1024w, https:\/\/www.puh-aga.pl\/cms\/wp-content\/uploads\/2016\/03\/DSC_0650-300x200.jpg 300w, https:\/\/www.puh-aga.pl\/cms\/wp-content\/uploads\/2016\/03\/DSC_0650-768x512.jpg 768w\" sizes=\"auto, (max-width: 900px) 100vw, 900px\" \/><\/a>\n\t\t\t<\/dt>\n\t\t\t\t<dd class='wp-caption-text gallery-caption' id='gallery-1-438'>\n\t\t\t\tPosypka waflowa &#8211; \u0141OSOSIOWA (100g)\n\t\t\t\t<\/dd><\/dl><br style=\"clear: both\" \/><dl class='gallery-item'>\n\t\t\t<dt class='gallery-icon landscape'>\n\t\t\t\t<a href='https:\/\/www.puh-aga.pl\/cms\/wp-content\/uploads\/2016\/03\/DSC_0651.jpg'><img loading=\"lazy\" decoding=\"async\" width=\"900\" height=\"600\" src=\"https:\/\/www.puh-aga.pl\/cms\/wp-content\/uploads\/2016\/03\/DSC_0651-1024x683.jpg\" class=\"attachment-large size-large\" alt=\"\" aria-describedby=\"gallery-1-439\" srcset=\"https:\/\/www.puh-aga.pl\/cms\/wp-content\/uploads\/2016\/03\/DSC_0651-1024x683.jpg 1024w, https:\/\/www.puh-aga.pl\/cms\/wp-content\/uploads\/2016\/03\/DSC_0651-300x200.jpg 300w, https:\/\/www.puh-aga.pl\/cms\/wp-content\/uploads\/2016\/03\/DSC_0651-768x512.jpg 768w\" sizes=\"auto, (max-width: 900px) 100vw, 900px\" \/><\/a>\n\t\t\t<\/dt>\n\t\t\t\t<dd class='wp-caption-text gallery-caption' id='gallery-1-439'>\n\t\t\t\tPosypka waflowa &#8211; \u017b\u00d3\u0141TA (100g)\n\t\t\t\t<\/dd><\/dl>\n\t\t\t<br style='clear: both' \/>\n\t\t<\/div>\n\n","protected":false},"excerpt":{"rendered":"<p>&hellip;<\/p>\n","protected":false},"author":1,"featured_media":0,"parent":25,"menu_order":0,"comment_status":"closed","ping_status":"closed","template":"","meta":{"footnotes":""},"class_list":["post-1098","page","type-page","status-publish","hentry"],"_links":{"self":[{"href":"https:\/\/www.puh-aga.pl\/cms\/index.php\/wp-json\/wp\/v2\/pages\/1098","targetHints":{"allow":["GET"]}}],"collection":[{"href":"https:\/\/www.puh-aga.pl\/cms\/index.php\/wp-json\/wp\/v2\/pages"}],"about":[{"href":"https:\/\/www.puh-aga.pl\/cms\/index.php\/wp-json\/wp\/v2\/types\/page"}],"author":[{"embeddable":true,"href":"https:\/\/www.puh-aga.pl\/cms\/index.php\/wp-json\/wp\/v2\/users\/1"}],"replies":[{"embeddable":true,"href":"https:\/\/www.puh-aga.pl\/cms\/index.php\/wp-json\/wp\/v2\/comments?post=1098"}],"version-history":[{"count":1,"href":"https:\/\/www.puh-aga.pl\/cms\/index.php\/wp-json\/wp\/v2\/pages\/1098\/revisions"}],"predecessor-version":[{"id":1099,"href":"https:\/\/www.puh-aga.pl\/cms\/index.php\/wp-json\/wp\/v2\/pages\/1098\/revisions\/1099"}],"up":[{"embeddable":true,"href":"https:\/\/www.puh-aga.pl\/cms\/index.php\/wp-json\/wp\/v2\/pages\/25"}],"wp:attachment":[{"href":"https:\/\/www.puh-aga.pl\/cms\/index.php\/wp-json\/wp\/v2\/media?parent=1098"}],"curies":[{"name":"wp","href":"https:\/\/api.w.org\/{rel}","templated":true}]}}