{"id":1080,"date":"2016-11-29T11:48:52","date_gmt":"2016-11-29T10:48:52","guid":{"rendered":"http:\/\/www.puh-aga.pl\/cms\/?page_id=1080"},"modified":"2016-11-29T11:48:52","modified_gmt":"2016-11-29T10:48:52","slug":"boze-narodzenie","status":"publish","type":"page","link":"https:\/\/www.puh-aga.pl\/cms\/index.php\/galeria\/boze-narodzenie\/","title":{"rendered":"Bo\u017ce narodzenie"},"content":{"rendered":"<div id='gallery-1' class='gallery galleryid-1080 gallery-columns-4 gallery-size-large'><dl class='gallery-item'>\n\t\t\t<dt class='gallery-icon landscape'>\n\t\t\t\t<a href='https:\/\/www.puh-aga.pl\/cms\/wp-content\/uploads\/2016\/03\/1716.jpg'><img loading=\"lazy\" decoding=\"async\" width=\"900\" height=\"605\" src=\"https:\/\/www.puh-aga.pl\/cms\/wp-content\/uploads\/2016\/03\/1716.jpg\" class=\"attachment-large size-large\" alt=\"\" aria-describedby=\"gallery-1-44\" srcset=\"https:\/\/www.puh-aga.pl\/cms\/wp-content\/uploads\/2016\/03\/1716.jpg 999w, https:\/\/www.puh-aga.pl\/cms\/wp-content\/uploads\/2016\/03\/1716-300x202.jpg 300w, https:\/\/www.puh-aga.pl\/cms\/wp-content\/uploads\/2016\/03\/1716-768x517.jpg 768w, https:\/\/www.puh-aga.pl\/cms\/wp-content\/uploads\/2016\/03\/1716-600x404.jpg 600w\" sizes=\"auto, (max-width: 900px) 100vw, 900px\" \/><\/a>\n\t\t\t<\/dt>\n\t\t\t\t<dd class='wp-caption-text gallery-caption' id='gallery-1-44'>\n\t\t\t\t1716 Mi\u015b \u015bwi\u0105teczny (w op. 6 szt.)\n\t\t\t\t<\/dd><\/dl><dl class='gallery-item'>\n\t\t\t<dt class='gallery-icon landscape'>\n\t\t\t\t<a href='https:\/\/www.puh-aga.pl\/cms\/wp-content\/uploads\/2016\/03\/017s.jpg'><img loading=\"lazy\" decoding=\"async\" width=\"900\" height=\"382\" src=\"https:\/\/www.puh-aga.pl\/cms\/wp-content\/uploads\/2016\/03\/017s.jpg\" class=\"attachment-large size-large\" alt=\"\" aria-describedby=\"gallery-1-39\" srcset=\"https:\/\/www.puh-aga.pl\/cms\/wp-content\/uploads\/2016\/03\/017s.jpg 900w, https:\/\/www.puh-aga.pl\/cms\/wp-content\/uploads\/2016\/03\/017s-300x127.jpg 300w, https:\/\/www.puh-aga.pl\/cms\/wp-content\/uploads\/2016\/03\/017s-768x326.jpg 768w, https:\/\/www.puh-aga.pl\/cms\/wp-content\/uploads\/2016\/03\/017s-600x255.jpg 600w\" sizes=\"auto, (max-width: 900px) 100vw, 900px\" \/><\/a>\n\t\t\t<\/dt>\n\t\t\t\t<dd class='wp-caption-text gallery-caption' id='gallery-1-39'>\n\t\t\t\t017\/\u015b Figurka ma\u0142a ba\u0142wanek (w op. 35 szt.)\n\t\t\t\t<\/dd><\/dl><dl class='gallery-item'>\n\t\t\t<dt class='gallery-icon landscape'>\n\t\t\t\t<a href='https:\/\/www.puh-aga.pl\/cms\/wp-content\/uploads\/2016\/03\/098a.jpg'><img loading=\"lazy\" decoding=\"async\" width=\"814\" height=\"215\" src=\"https:\/\/www.puh-aga.pl\/cms\/wp-content\/uploads\/2016\/03\/098a.jpg\" class=\"attachment-large size-large\" alt=\"\" aria-describedby=\"gallery-1-43\" srcset=\"https:\/\/www.puh-aga.pl\/cms\/wp-content\/uploads\/2016\/03\/098a.jpg 814w, https:\/\/www.puh-aga.pl\/cms\/wp-content\/uploads\/2016\/03\/098a-300x79.jpg 300w, https:\/\/www.puh-aga.pl\/cms\/wp-content\/uploads\/2016\/03\/098a-768x203.jpg 768w, https:\/\/www.puh-aga.pl\/cms\/wp-content\/uploads\/2016\/03\/098a-600x158.jpg 600w\" sizes=\"auto, (max-width: 814px) 100vw, 814px\" \/><\/a>\n\t\t\t<\/dt>\n\t\t\t\t<dd class='wp-caption-text gallery-caption' id='gallery-1-43'>\n\t\t\t\t098\/a Zestaw \u015bwi\u0105teczny (w op. 90 szt.)\n\t\t\t\t<\/dd><\/dl><dl class='gallery-item'>\n\t\t\t<dt class='gallery-icon landscape'>\n\t\t\t\t<a href='https:\/\/www.puh-aga.pl\/cms\/wp-content\/uploads\/2016\/03\/E899501.jpg'><img loading=\"lazy\" decoding=\"async\" width=\"900\" height=\"328\" src=\"https:\/\/www.puh-aga.pl\/cms\/wp-content\/uploads\/2016\/03\/E899501.jpg\" class=\"attachment-large size-large\" alt=\"\" aria-describedby=\"gallery-1-47\" srcset=\"https:\/\/www.puh-aga.pl\/cms\/wp-content\/uploads\/2016\/03\/E899501.jpg 999w, https:\/\/www.puh-aga.pl\/cms\/wp-content\/uploads\/2016\/03\/E899501-300x109.jpg 300w, https:\/\/www.puh-aga.pl\/cms\/wp-content\/uploads\/2016\/03\/E899501-768x280.jpg 768w, https:\/\/www.puh-aga.pl\/cms\/wp-content\/uploads\/2016\/03\/E899501-600x219.jpg 600w\" sizes=\"auto, (max-width: 900px) 100vw, 900px\" \/><\/a>\n\t\t\t<\/dt>\n\t\t\t\t<dd class='wp-caption-text gallery-caption' id='gallery-1-47'>\n\t\t\t\tE899501 \u2013 Miko\u0142aje trzy wzory\n\t\t\t\t<\/dd><\/dl><br style=\"clear: both\" \/><dl class='gallery-item'>\n\t\t\t<dt class='gallery-icon landscape'>\n\t\t\t\t<a href='https:\/\/www.puh-aga.pl\/cms\/wp-content\/uploads\/2016\/03\/089.jpg'><img loading=\"lazy\" decoding=\"async\" width=\"489\" height=\"204\" src=\"https:\/\/www.puh-aga.pl\/cms\/wp-content\/uploads\/2016\/03\/089.jpg\" class=\"attachment-large size-large\" alt=\"\" aria-describedby=\"gallery-1-42\" srcset=\"https:\/\/www.puh-aga.pl\/cms\/wp-content\/uploads\/2016\/03\/089.jpg 489w, https:\/\/www.puh-aga.pl\/cms\/wp-content\/uploads\/2016\/03\/089-300x125.jpg 300w\" sizes=\"auto, (max-width: 489px) 100vw, 489px\" \/><\/a>\n\t\t\t<\/dt>\n\t\t\t\t<dd class='wp-caption-text gallery-caption' id='gallery-1-42'>\n\t\t\t\t089\/a Mini ba\u0142wan, anio\u0142 (w op. 60 szt.)\n\t\t\t\t<\/dd><\/dl><dl class='gallery-item'>\n\t\t\t<dt class='gallery-icon landscape'>\n\t\t\t\t<a href='https:\/\/www.puh-aga.pl\/cms\/wp-content\/uploads\/2016\/03\/8905-1.jpg'><img loading=\"lazy\" decoding=\"async\" width=\"888\" height=\"343\" src=\"https:\/\/www.puh-aga.pl\/cms\/wp-content\/uploads\/2016\/03\/8905-1.jpg\" class=\"attachment-large size-large\" alt=\"\" aria-describedby=\"gallery-1-645\" srcset=\"https:\/\/www.puh-aga.pl\/cms\/wp-content\/uploads\/2016\/03\/8905-1.jpg 888w, https:\/\/www.puh-aga.pl\/cms\/wp-content\/uploads\/2016\/03\/8905-1-300x116.jpg 300w, https:\/\/www.puh-aga.pl\/cms\/wp-content\/uploads\/2016\/03\/8905-1-768x297.jpg 768w\" sizes=\"auto, (max-width: 888px) 100vw, 888px\" \/><\/a>\n\t\t\t<\/dt>\n\t\t\t\t<dd class='wp-caption-text gallery-caption' id='gallery-1-645'>\n\t\t\t\t8905 Kokardki z czekolady plastycznej (w op. 20 szt.)\n\t\t\t\t<\/dd><\/dl><dl class='gallery-item'>\n\t\t\t<dt class='gallery-icon landscape'>\n\t\t\t\t<a href='https:\/\/www.puh-aga.pl\/cms\/wp-content\/uploads\/2016\/03\/085a.jpg'><img loading=\"lazy\" decoding=\"async\" width=\"516\" height=\"308\" src=\"https:\/\/www.puh-aga.pl\/cms\/wp-content\/uploads\/2016\/03\/085a.jpg\" class=\"attachment-large size-large\" alt=\"\" aria-describedby=\"gallery-1-41\" srcset=\"https:\/\/www.puh-aga.pl\/cms\/wp-content\/uploads\/2016\/03\/085a.jpg 516w, https:\/\/www.puh-aga.pl\/cms\/wp-content\/uploads\/2016\/03\/085a-300x179.jpg 300w\" sizes=\"auto, (max-width: 516px) 100vw, 516px\" \/><\/a>\n\t\t\t<\/dt>\n\t\t\t\t<dd class='wp-caption-text gallery-caption' id='gallery-1-41'>\n\t\t\t\t0733015 Listki \u015bwi\u0105teczne ma\u0142e (w op. 200 szt.),  0732015 Listki \u015bwi\u0105teczne \u015brednie (w op. 200 szt.),  0731015 Listki \u015bwi\u0105teczne du\u017ce (w op. 150 szt.)\n\t\t\t\t<\/dd><\/dl><dl class='gallery-item'>\n\t\t\t<dt class='gallery-icon landscape'>\n\t\t\t\t<a href='https:\/\/www.puh-aga.pl\/cms\/wp-content\/uploads\/2016\/03\/026_.jpg'><img loading=\"lazy\" decoding=\"async\" width=\"537\" height=\"300\" src=\"https:\/\/www.puh-aga.pl\/cms\/wp-content\/uploads\/2016\/03\/026_.jpg\" class=\"attachment-large size-large\" alt=\"\" aria-describedby=\"gallery-1-40\" srcset=\"https:\/\/www.puh-aga.pl\/cms\/wp-content\/uploads\/2016\/03\/026_.jpg 537w, https:\/\/www.puh-aga.pl\/cms\/wp-content\/uploads\/2016\/03\/026_-300x168.jpg 300w\" sizes=\"auto, (max-width: 537px) 100vw, 537px\" \/><\/a>\n\t\t\t<\/dt>\n\t\t\t\t<dd class='wp-caption-text gallery-caption' id='gallery-1-40'>\n\t\t\t\t026 Choinka trzy wielko\u015bci (w op. 50 szt.)\n\t\t\t\t<\/dd><\/dl><br style=\"clear: both\" \/><dl class='gallery-item'>\n\t\t\t<dt class='gallery-icon landscape'>\n\t\t\t\t<a href='https:\/\/www.puh-aga.pl\/cms\/wp-content\/uploads\/2016\/03\/konfetti_platki-sniegu-300x300-1.jpg'><img loading=\"lazy\" decoding=\"async\" width=\"300\" height=\"300\" src=\"https:\/\/www.puh-aga.pl\/cms\/wp-content\/uploads\/2016\/03\/konfetti_platki-sniegu-300x300-1.jpg\" class=\"attachment-large size-large\" alt=\"\" aria-describedby=\"gallery-1-445\" srcset=\"https:\/\/www.puh-aga.pl\/cms\/wp-content\/uploads\/2016\/03\/konfetti_platki-sniegu-300x300-1.jpg 300w, https:\/\/www.puh-aga.pl\/cms\/wp-content\/uploads\/2016\/03\/konfetti_platki-sniegu-300x300-1-150x150.jpg 150w\" sizes=\"auto, (max-width: 300px) 100vw, 300px\" \/><\/a>\n\t\t\t<\/dt>\n\t\t\t\t<dd class='wp-caption-text gallery-caption' id='gallery-1-445'>\n\t\t\t\t5007\/A Konfetti p\u0142atki \u015bniegu (200g)\n\t\t\t\t<\/dd><\/dl><dl class='gallery-item'>\n\t\t\t<dt class='gallery-icon landscape'>\n\t\t\t\t<a href='https:\/\/www.puh-aga.pl\/cms\/wp-content\/uploads\/2016\/03\/konfetti_mix-300x300-1.jpg'><img loading=\"lazy\" decoding=\"async\" width=\"300\" height=\"300\" src=\"https:\/\/www.puh-aga.pl\/cms\/wp-content\/uploads\/2016\/03\/konfetti_mix-300x300-1.jpg\" class=\"attachment-large size-large\" alt=\"\" aria-describedby=\"gallery-1-444\" srcset=\"https:\/\/www.puh-aga.pl\/cms\/wp-content\/uploads\/2016\/03\/konfetti_mix-300x300-1.jpg 300w, https:\/\/www.puh-aga.pl\/cms\/wp-content\/uploads\/2016\/03\/konfetti_mix-300x300-1-150x150.jpg 150w\" sizes=\"auto, (max-width: 300px) 100vw, 300px\" \/><\/a>\n\t\t\t<\/dt>\n\t\t\t\t<dd class='wp-caption-text gallery-caption' id='gallery-1-444'>\n\t\t\t\t5011\/A Konfetti MIX \u015awi\u0105teczny (200g)\n\t\t\t\t<\/dd><\/dl><dl class='gallery-item'>\n\t\t\t<dt class='gallery-icon landscape'>\n\t\t\t\t<a href='https:\/\/www.puh-aga.pl\/cms\/wp-content\/uploads\/2016\/03\/konfetti_choinki-1.jpg'><img loading=\"lazy\" decoding=\"async\" width=\"888\" height=\"888\" src=\"https:\/\/www.puh-aga.pl\/cms\/wp-content\/uploads\/2016\/03\/konfetti_choinki-1.jpg\" class=\"attachment-large size-large\" alt=\"\" aria-describedby=\"gallery-1-442\" srcset=\"https:\/\/www.puh-aga.pl\/cms\/wp-content\/uploads\/2016\/03\/konfetti_choinki-1.jpg 888w, https:\/\/www.puh-aga.pl\/cms\/wp-content\/uploads\/2016\/03\/konfetti_choinki-1-150x150.jpg 150w, https:\/\/www.puh-aga.pl\/cms\/wp-content\/uploads\/2016\/03\/konfetti_choinki-1-300x300.jpg 300w, https:\/\/www.puh-aga.pl\/cms\/wp-content\/uploads\/2016\/03\/konfetti_choinki-1-768x768.jpg 768w\" sizes=\"auto, (max-width: 888px) 100vw, 888px\" \/><\/a>\n\t\t\t<\/dt>\n\t\t\t\t<dd class='wp-caption-text gallery-caption' id='gallery-1-442'>\n\t\t\t\t5010\/A Konfetti choinki ZIELONE (200g)\n\t\t\t\t<\/dd><\/dl><dl class='gallery-item'>\n\t\t\t<dt class='gallery-icon landscape'>\n\t\t\t\t<a href='https:\/\/www.puh-aga.pl\/cms\/wp-content\/uploads\/2016\/03\/konfetti_gwiazdki-300x300-1.jpg'><img loading=\"lazy\" decoding=\"async\" width=\"300\" height=\"300\" src=\"https:\/\/www.puh-aga.pl\/cms\/wp-content\/uploads\/2016\/03\/konfetti_gwiazdki-300x300-1.jpg\" class=\"attachment-large size-large\" alt=\"\" aria-describedby=\"gallery-1-443\" srcset=\"https:\/\/www.puh-aga.pl\/cms\/wp-content\/uploads\/2016\/03\/konfetti_gwiazdki-300x300-1.jpg 300w, https:\/\/www.puh-aga.pl\/cms\/wp-content\/uploads\/2016\/03\/konfetti_gwiazdki-300x300-1-150x150.jpg 150w\" sizes=\"auto, (max-width: 300px) 100vw, 300px\" \/><\/a>\n\t\t\t<\/dt>\n\t\t\t\t<dd class='wp-caption-text gallery-caption' id='gallery-1-443'>\n\t\t\t\t5006\/A Konfetti GWIAZDKI (200g)\n\t\t\t\t<\/dd><\/dl><br style=\"clear: both\" \/><dl class='gallery-item'>\n\t\t\t<dt class='gallery-icon landscape'>\n\t\t\t\t<a href='https:\/\/www.puh-aga.pl\/cms\/wp-content\/uploads\/2016\/03\/DSC_0014-1.jpg'><img loading=\"lazy\" decoding=\"async\" width=\"900\" height=\"593\" src=\"https:\/\/www.puh-aga.pl\/cms\/wp-content\/uploads\/2016\/03\/DSC_0014-1-1024x675.jpg\" class=\"attachment-large size-large\" alt=\"\" aria-describedby=\"gallery-1-433\" srcset=\"https:\/\/www.puh-aga.pl\/cms\/wp-content\/uploads\/2016\/03\/DSC_0014-1-1024x675.jpg 1024w, https:\/\/www.puh-aga.pl\/cms\/wp-content\/uploads\/2016\/03\/DSC_0014-1-300x198.jpg 300w, https:\/\/www.puh-aga.pl\/cms\/wp-content\/uploads\/2016\/03\/DSC_0014-1-768x506.jpg 768w\" sizes=\"auto, (max-width: 900px) 100vw, 900px\" \/><\/a>\n\t\t\t<\/dt>\n\t\t\t\t<dd class='wp-caption-text gallery-caption' id='gallery-1-433'>\n\t\t\t\t5015\/B Konfetti p\u0142atki \u015bniegu bia\u0142o-niebieskie (50g)\n\t\t\t\t<\/dd><\/dl>\n\t\t\t<br style='clear: both' \/>\n\t\t<\/div>\n\n","protected":false},"excerpt":{"rendered":"<p>&hellip;<\/p>\n","protected":false},"author":1,"featured_media":0,"parent":25,"menu_order":0,"comment_status":"closed","ping_status":"closed","template":"","meta":{"footnotes":""},"class_list":["post-1080","page","type-page","status-publish","hentry"],"_links":{"self":[{"href":"https:\/\/www.puh-aga.pl\/cms\/index.php\/wp-json\/wp\/v2\/pages\/1080","targetHints":{"allow":["GET"]}}],"collection":[{"href":"https:\/\/www.puh-aga.pl\/cms\/index.php\/wp-json\/wp\/v2\/pages"}],"about":[{"href":"https:\/\/www.puh-aga.pl\/cms\/index.php\/wp-json\/wp\/v2\/types\/page"}],"author":[{"embeddable":true,"href":"https:\/\/www.puh-aga.pl\/cms\/index.php\/wp-json\/wp\/v2\/users\/1"}],"replies":[{"embeddable":true,"href":"https:\/\/www.puh-aga.pl\/cms\/index.php\/wp-json\/wp\/v2\/comments?post=1080"}],"version-history":[{"count":1,"href":"https:\/\/www.puh-aga.pl\/cms\/index.php\/wp-json\/wp\/v2\/pages\/1080\/revisions"}],"predecessor-version":[{"id":1081,"href":"https:\/\/www.puh-aga.pl\/cms\/index.php\/wp-json\/wp\/v2\/pages\/1080\/revisions\/1081"}],"up":[{"embeddable":true,"href":"https:\/\/www.puh-aga.pl\/cms\/index.php\/wp-json\/wp\/v2\/pages\/25"}],"wp:attachment":[{"href":"https:\/\/www.puh-aga.pl\/cms\/index.php\/wp-json\/wp\/v2\/media?parent=1080"}],"curies":[{"name":"wp","href":"https:\/\/api.w.org\/{rel}","templated":true}]}}